{"id":6,"date":"2017-10-21T09:10:40","date_gmt":"2017-10-21T09:10:40","guid":{"rendered":"https:\/\/nannaaskcollage.com\/?page_id=6"},"modified":"2022-12-10T12:46:53","modified_gmt":"2022-12-10T11:46:53","slug":"about","status":"publish","type":"page","link":"https:\/\/nannaaskcollage.com\/?page_id=6","title":{"rendered":"Om"},"content":{"rendered":"\n<p>Alle produkter p\u00e5 denne side er skabt af Nanna Ask.&nbsp;<\/p>\n\n\n\n<p>Kunstnerens billedverden er befolket af menneskelignende v\u00e6sner og fort\u00e6ller historier om relationer, f\u00f8lelser og stemninger fra menneskenes verden. Udtrykket er farverigt og naivt og p\u00e5 \u00e9n gang g\u00e5defuldt og let tilg\u00e6ngeligt.&nbsp;<\/p>\n\n\n\n<p>Billederne bliver til i en dialog mellem materialernes farve, former, struktur, og kunstneren selv, der nysgerrigt s\u00f8ger efter den fort\u00e6lling, som udg\u00f8r det f\u00e6rdige v\u00e6rk.<\/p>\n\n\n\n<p>Materialerne er mangfoldige. Genbrugspapir, slikpapir, oliekridt, acrylmaling, blyant og b\u00f8rnetusser m\u00f8des i en farverig dans p\u00e5 l\u00e6rred eller papir og fejrer den smukke grimhed, den oph\u00f8jede akavethed, den yndige klodsethed og det sk\u00f8nne forfald. <\/p>\n\n\n\n<p><\/p>\n","protected":false},"excerpt":{"rendered":"<p>Alle produkter p\u00e5 denne side er skabt af Nanna Ask.&nbsp; Kunstnerens billedverden er befolket af menneskelignende v\u00e6sner og fort\u00e6ller historier om relationer, f\u00f8lelser og stemninger fra menneskenes verden. Udtrykket er farverigt og naivt og p\u00e5 \u00e9n gang g\u00e5defuldt og let tilg\u00e6ngeligt.&nbsp; Billederne bliver til i en dialog mellem materialernes farve, former, struktur, og kunstneren selv, [&hellip;]<\/p>\n","protected":false},"author":1,"featured_media":0,"parent":0,"menu_order":0,"comment_status":"closed","ping_status":"closed","template":"","meta":{"footnotes":""},"class_list":["post-6","page","type-page","status-publish","hentry"],"jetpack-related-posts":[],"jetpack_sharing_enabled":true,"_links":{"self":[{"href":"https:\/\/nannaaskcollage.com\/index.php?rest_route=\/wp\/v2\/pages\/6","targetHints":{"allow":["GET"]}}],"collection":[{"href":"https:\/\/nannaaskcollage.com\/index.php?rest_route=\/wp\/v2\/pages"}],"about":[{"href":"https:\/\/nannaaskcollage.com\/index.php?rest_route=\/wp\/v2\/types\/page"}],"author":[{"embeddable":true,"href":"https:\/\/nannaaskcollage.com\/index.php?rest_route=\/wp\/v2\/users\/1"}],"replies":[{"embeddable":true,"href":"https:\/\/nannaaskcollage.com\/index.php?rest_route=%2Fwp%2Fv2%2Fcomments&post=6"}],"version-history":[{"count":18,"href":"https:\/\/nannaaskcollage.com\/index.php?rest_route=\/wp\/v2\/pages\/6\/revisions"}],"predecessor-version":[{"id":1246,"href":"https:\/\/nannaaskcollage.com\/index.php?rest_route=\/wp\/v2\/pages\/6\/revisions\/1246"}],"wp:attachment":[{"href":"https:\/\/nannaaskcollage.com\/index.php?rest_route=%2Fwp%2Fv2%2Fmedia&parent=6"}],"curies":[{"name":"wp","href":"https:\/\/api.w.org\/{rel}","templated":true}]}}