{"id":978,"date":"2020-10-18T13:14:22","date_gmt":"2020-10-18T13:14:22","guid":{"rendered":"https:\/\/nannaaskcollage.com\/?page_id=978"},"modified":"2020-11-14T09:25:27","modified_gmt":"2020-11-14T09:25:27","slug":"privatlivspolitik","status":"publish","type":"page","link":"https:\/\/nannaaskcollage.com\/?page_id=978","title":{"rendered":"Privatlivspolitik"},"content":{"rendered":"\n<p><strong>Sidst opdateret d. 14. november 2020.<\/strong><\/p>\n\n\n\n<h2 class=\"wp-block-heading\">Hvem er vi<\/h2>\n\n\n\n<p>Nanna Ask, nannaaskcollage.com, er dataansvarlig, og vi sikrer, at dine personoplysninger behandles i overensstemmelse med lovgivningen.<\/p>\n\n\n\n<p><strong>Kontaktoplysninger<\/strong><br>Kontaktpersoner: Nanna Ask<br>Virksomhedens postadresse: Humle\u00e6v\u00e6nget 52, 5800 DK Nyborg, Danmark<br>CVR27356028<br>Telefonnr.: +45 4082 5409<br>Mail: hej@nannaaskcollage.com<br>Website: nannaaskcollage.com<\/p>\n\n\n\n<h2 class=\"wp-block-heading\">Hvilke personlige data vi indsamler og hvorfor vi indsamler det<\/h2>\n\n\n\n<h3 class=\"wp-block-heading\">Kontaktformularer<\/h3>\n\n\n\n<p>Hvis du bruger vores kontaktformular, kan du v\u00e6lge at skrive dit navn, emailadresse og besked. For at kunne svare p\u00e5 din besked bliver de data sendt som email til vores emailadresse.  <\/p>\n\n\n\n<h3 class=\"wp-block-heading\">Cookies<\/h3>\n\n\n\n<p>Hvis du bes\u00f8ger vores loginside, opretter vi en midlertidig cookie for at afg\u00f8re om din browser accepterer cookies. Denne cookie indeholder ingen personlige data og slettes, n\u00e5r du lukker din browser.<\/p>\n\n\n\n<p>N\u00e5r du logger ind, vil vi ops\u00e6tte en r\u00e6kke cookies og gemme din logininformation og dine valg af sk\u00e6rmvisning. Login cookies holder i to dage, og sk\u00e6rmvalg cookies holder i et \u00e5r. Hvis du v\u00e6lger &#8220;Husk mig&#8221;, vil dit login holde i to uger. Hvis du logger ud af din konto, vil login cookierne forsvinde.<\/p>\n\n\n\n<h3 class=\"wp-block-heading\">Indlejret indhold fra andre websteder<\/h3>\n\n\n\n<p>Vores hjemmeside indeholder indlejret indhold (billed-feed) fra instagram. Dette indlejrede indhold opf\u00f8rer sig p\u00e5 n\u00f8jagtig samme m\u00e5de, som hvis den bes\u00f8gende har bes\u00f8gt det andet websted.<\/p>\n\n\n\n<p>Disse websteder indsamler m\u00e5ske data om dig, bruger cookies, indlejrer ekstra tredjeparts sporing, og overv\u00e5ger din interaktion med dette indlejrede indhold, heriblandt at spore din interaktion med indlejret indhold, hvis du har en konto og en logget ind p\u00e5 det websted.<\/p>\n\n\n\n<h3 class=\"wp-block-heading\">Analytics<\/h3>\n\n\n\n<p><\/p>\n\n\n\n<h2 class=\"wp-block-heading\">Hvem vi deler dine data med<\/h2>\n\n\n\n<p>N\u00e5r du placerer en ordre, deler vi din leveringsadresse samt din kontaktinformation (navn, telefonnummer, emailadresse) med vores fragtleverand\u00f8r. Det er n\u00f8dvendigt for at kunne levere varen til dig. <\/p>\n\n\n\n<p>Udover det gemmer vi dine faktureringsoplysninger (dato, navn, telefonnummer, email og faktureringsadresse) i vores konto p\u00e5 dinero.dk. Det er n\u00f8dvendigt for at kunne lave regnskab.<\/p>\n\n\n\n<h2 class=\"wp-block-heading\">Hvor l\u00e6nge vi gemmer dine data<\/h2>\n\n\n\n<p>For brugere som opretter sig p\u00e5 vores websted (om nogen), gemmer vi ogs\u00e5 den personlige information de giver til deres brugerprofil. Alle brugere kan se, redigere, eller slette deres personlige information til enhver tid (med den undtagelse at de ikke kan \u00e6ndre deres brugernavn). Webstedets administratorer kan ogs\u00e5 se og redigere den information, bortset fra passwords.<\/p>\n\n\n\n<h2 class=\"wp-block-heading\">Hvilke rettigheder har du over dine data<\/h2>\n\n\n\n<p>Hvis du har en konto p\u00e5 dette websted, kan du bede om en eksporteret fil med de personlige data vi har liggende om dig, heriblandt alt data, du har givet os. Du kan ogs\u00e5 bede om, at vi sletter alle personlige data, vi har om dig. Dette indbefatter ikke nogen form for data, som vi er forpligtede til at gemme af administrative, lovm\u00e6ssige eller sikkerhedsm\u00e6ssige grunde.<\/p>\n\n\n\n<h2 class=\"wp-block-heading\">Yderligere information<\/h2>\n\n\n\n<h3 class=\"wp-block-heading\">Hvordan vi beskytter dine data<\/h3>\n\n\n\n<p>Ved k\u00f8b eller ved oprettelse af konto gemmer vi dine data i en beskyttet WordPress website, som vi hoster p\u00e5 vores egen server. Vores WordPress plugin Jetpack sikrer sitet mod s\u00e5kaldte &#8216;brute force&#8217;-angreb (angreb fra bots og hackere, der pr\u00f8ver at logge ind med almindelige kombinationer af brugernavn\/kodeord).<\/p>\n\n\n\n<h3 class=\"wp-block-heading\">Hvilke databrudsprocedurer vi har p\u00e5 plads<\/h3>\n\n\n\n<p>Vi kontakter Datatilsynet indenfor 72 timer, og kontakter dem hvis data er blevet omfattet i bruddet per email.<\/p>\n\n\n\n<h3 class=\"wp-block-heading\">Hvilke tredjeparter vi modtager data fra<\/h3>\n\n\n\n<p>Ingen!<\/p>\n\n\n\n<h3 class=\"wp-block-heading\">Hvilke automatiserede beslutninger og\/eller profilering vi foretager med brugerdata.<\/h3>\n\n\n\n<p>Ingen!<\/p>\n\n\n\n<h3 class=\"wp-block-heading\">Industriregulative krav om freml\u00e6ggelse<\/h3>\n\n\n\n<p>Som kunde (evt. med konto) hos Nanna Ask collage har du altid ret til at g\u00f8re indsigelse mod registreringerne. Du har ogs\u00e5 ret til indsigt i hvilke oplysninger, der er registreret om dig, samt ret til at f\u00e5 slettet dine registrerede oplysninger. Disse rettigheder har du efter persondataloven.<\/p>\n","protected":false},"excerpt":{"rendered":"<p>Sidst opdateret d. 14. november 2020. Hvem er vi Nanna Ask, nannaaskcollage.com, er dataansvarlig, og vi sikrer, at dine personoplysninger behandles i overensstemmelse med lovgivningen. KontaktoplysningerKontaktpersoner: Nanna AskVirksomhedens postadresse: Humle\u00e6v\u00e6nget 52, 5800 DK Nyborg, DanmarkCVR27356028Telefonnr.: +45 4082 5409Mail: hej@nannaaskcollage.comWebsite: nannaaskcollage.com Hvilke personlige data vi indsamler og hvorfor vi indsamler det Kontaktformularer Hvis du bruger vores [&hellip;]<\/p>\n","protected":false},"author":1,"featured_media":0,"parent":0,"menu_order":0,"comment_status":"closed","ping_status":"closed","template":"","meta":{"footnotes":""},"class_list":["post-978","page","type-page","status-publish","hentry"],"jetpack-related-posts":[],"jetpack_sharing_enabled":true,"_links":{"self":[{"href":"https:\/\/nannaaskcollage.com\/index.php?rest_route=\/wp\/v2\/pages\/978","targetHints":{"allow":["GET"]}}],"collection":[{"href":"https:\/\/nannaaskcollage.com\/index.php?rest_route=\/wp\/v2\/pages"}],"about":[{"href":"https:\/\/nannaaskcollage.com\/index.php?rest_route=\/wp\/v2\/types\/page"}],"author":[{"embeddable":true,"href":"https:\/\/nannaaskcollage.com\/index.php?rest_route=\/wp\/v2\/users\/1"}],"replies":[{"embeddable":true,"href":"https:\/\/nannaaskcollage.com\/index.php?rest_route=%2Fwp%2Fv2%2Fcomments&post=978"}],"version-history":[{"count":9,"href":"https:\/\/nannaaskcollage.com\/index.php?rest_route=\/wp\/v2\/pages\/978\/revisions"}],"predecessor-version":[{"id":1099,"href":"https:\/\/nannaaskcollage.com\/index.php?rest_route=\/wp\/v2\/pages\/978\/revisions\/1099"}],"wp:attachment":[{"href":"https:\/\/nannaaskcollage.com\/index.php?rest_route=%2Fwp%2Fv2%2Fmedia&parent=978"}],"curies":[{"name":"wp","href":"https:\/\/api.w.org\/{rel}","templated":true}]}}