{"id":1221,"date":"2021-12-08T22:19:16","date_gmt":"2021-12-08T21:19:16","guid":{"rendered":"https:\/\/nannaaskcollage.com\/?post_type=product&#038;p=1221"},"modified":"2022-12-10T22:29:28","modified_gmt":"2022-12-10T21:29:28","slug":"saa-staar-man-lissom-der-med-englevinger-paa","status":"publish","type":"product","link":"https:\/\/nannaaskcollage.com\/?product=saa-staar-man-lissom-der-med-englevinger-paa","title":{"rendered":"S\u00e5 st\u00e5r man lissom der med englevinger p\u00e5"},"content":{"rendered":"","protected":false},"excerpt":{"rendered":"","protected":false},"featured_media":1218,"template":"","meta":[],"product_brand":[],"product_cat":[27],"product_tag":[138,129,116,120,139,117,135,118,119,113],"class_list":{"0":"post-1221","1":"product","2":"type-product","3":"status-publish","4":"has-post-thumbnail","6":"product_cat-collager-paa-laerred","7":"product_tag-brun","8":"product_tag-flaskegroen","9":"product_tag-groen","10":"product_tag-hvid","11":"product_tag-jadegroen","12":"product_tag-jordfarver","13":"product_tag-okker","14":"product_tag-rosa","15":"product_tag-sort","16":"product_tag-turkis","17":"product_shipping_class-store-pakker","19":"first","20":"instock","21":"featured","22":"sold-individually","23":"taxable","24":"shipping-taxable","25":"purchasable","26":"product-type-simple"},"jetpack-related-posts":[],"jetpack_sharing_enabled":true,"_links":{"self":[{"href":"https:\/\/nannaaskcollage.com\/index.php?rest_route=\/wp\/v2\/product\/1221","targetHints":{"allow":["GET"]}}],"collection":[{"href":"https:\/\/nannaaskcollage.com\/index.php?rest_route=\/wp\/v2\/product"}],"about":[{"href":"https:\/\/nannaaskcollage.com\/index.php?rest_route=\/wp\/v2\/types\/product"}],"wp:featuredmedia":[{"embeddable":true,"href":"https:\/\/nannaaskcollage.com\/index.php?rest_route=\/wp\/v2\/media\/1218"}],"wp:attachment":[{"href":"https:\/\/nannaaskcollage.com\/index.php?rest_route=%2Fwp%2Fv2%2Fmedia&parent=1221"}],"wp:term":[{"taxonomy":"product_brand","embeddable":true,"href":"https:\/\/nannaaskcollage.com\/index.php?rest_route=%2Fwp%2Fv2%2Fproduct_brand&post=1221"},{"taxonomy":"product_cat","embeddable":true,"href":"https:\/\/nannaaskcollage.com\/index.php?rest_route=%2Fwp%2Fv2%2Fproduct_cat&post=1221"},{"taxonomy":"product_tag","embeddable":true,"href":"https:\/\/nannaaskcollage.com\/index.php?rest_route=%2Fwp%2Fv2%2Fproduct_tag&post=1221"}],"curies":[{"name":"wp","href":"https:\/\/api.w.org\/{rel}","templated":true}]}}